{"id":9246,"date":"2026-02-10T13:31:53","date_gmt":"2026-02-10T12:31:53","guid":{"rendered":"https:\/\/expres.moderneweby.sk\/?page_id=9246"},"modified":"2026-03-05T15:32:38","modified_gmt":"2026-03-05T14:32:38","slug":"kariera","status":"publish","type":"page","link":"https:\/\/expreskurier.eu\/en\/careers\/","title":{"rendered":"Careers"},"content":{"rendered":"<div data-elementor-type=\"wp-page\" data-elementor-id=\"9246\" class=\"elementor elementor-9246\" data-elementor-post-type=\"page\">\n\t\t\t\t        <section class=\"elementor-section elementor-top-section elementor-element elementor-element-ad0a60a elementor-section-boxed elementor-section-height-default elementor-section-height-default pxl-type-header-none pxl-section-smoke_particles-no pxl-row-scroll-none\" data-id=\"ad0a60a\" data-element_type=\"section\">\n\n                \n                <div class=\"elementor-container elementor-column-gap-default\">\n                <div class=\"elementor-column elementor-col-100 elementor-top-column elementor-element elementor-element-c090142 pxl-column-element-default pxl-column-none\" data-id=\"c090142\" data-element_type=\"column\">\r\n        <div class=\"elementor-widget-wrap elementor-element-populated\">\r\n                     \r\n                <section class=\"elementor-section elementor-inner-section elementor-element elementor-element-89bccb1 elementor-section-boxed elementor-section-height-default elementor-section-height-default pxl-type-header-none pxl-section-smoke_particles-no pxl-row-scroll-none\" data-id=\"89bccb1\" data-element_type=\"section\">\n\n                \n                <div class=\"elementor-container elementor-column-gap-extended\">\n                <div class=\"elementor-column elementor-col-100 elementor-inner-column elementor-element elementor-element-de38d02 pxl-column-element-default pxl-column-none\" data-id=\"de38d02\" data-element_type=\"column\">\r\n        <div class=\"elementor-widget-wrap elementor-element-populated\">\r\n                     \r\n        \t\t<div class=\"elementor-element elementor-element-52fe9bf elementor-widget__width-auto elementor-absolute elementor-widget elementor-widget-pxl_image\" data-id=\"52fe9bf\" data-element_type=\"widget\" data-settings=\"{&quot;_position&quot;:&quot;absolute&quot;}\" data-widget_type=\"pxl_image.default\">\n\t\t\t\t<div class=\"elementor-widget-container\">\n\t\t\t\t\t<div class=\"pxl-image-single pxl-bottom-to-top\" data-wow-delay=\"ms\">\r\n                                        <div class=\"pxl-item--inner\">\r\n                                            <img decoding=\"async\" width=\"115\" height=\"159\" src=\"https:\/\/expreskurier.eu\/wp-content\/uploads\/2023\/12\/Shape-dotted-grid.png\" class=\"no-lazyload attachment-full\" alt=\"\" \/>                                    <\/div>\r\n                        <\/div>\t\t\t\t<\/div>\n\t\t\t\t<\/div>\n\t\t\t\t<div class=\"elementor-element elementor-element-dfd442d elementor-widget elementor-widget-pxl_heading\" data-id=\"dfd442d\" data-element_type=\"widget\" data-widget_type=\"pxl_heading.default\">\n\t\t\t\t<div class=\"elementor-widget-container\">\n\t\t\t\t\t<div id=\"pxl-pxl_heading-dfd442d-5917\" class=\"pxl-heading px-sub-title-default-style\">\n\t<div class=\"pxl-heading--inner\">\n\t\t\n\t\t\n\t\t<h3 class=\"pxl-item--title wow fadeInRight\" data-wow-delay=\"ms\">\n\t\t\t\t\t\t\t<cite>Careers<\/cite> at Expres Kuri\u00e9r\t\t\n\t\t\t\t\n\t\t<\/h3>\n\n\t\t\n\t\t\n\t\t\t\t\t\t\t\t\t<\/div>\n<\/div>\t\t\t\t<\/div>\n\t\t\t\t<\/div>\n\t\t\t\t<div class=\"elementor-element elementor-element-08e6252 elementor-widget elementor-widget-pxl_text_editor\" data-id=\"08e6252\" data-element_type=\"widget\" data-widget_type=\"pxl_text_editor.default\">\n\t\t\t\t<div class=\"elementor-widget-container\">\n\t\t\t\t\t<div class=\"pxl-text-editor\">\n\t<div class=\"pxl-item--inner\" data-wow-delay=\"ms\">\n\t\t<p data-start=\"58\" data-end=\"245\">We are looking for reliable drivers who want to work in a stable transport company with many years of experience. Become part of our team and drive with professionals.<\/p>\t<\/div>\n<\/div>\t\t\t\t<\/div>\n\t\t\t\t<\/div>\n\t\t            <\/div>\r\n        <\/div>\r\n        \t\t\t<\/div>\n\t\t<\/section>\n\t\t            <\/div>\r\n        <\/div>\r\n        \t\t\t<\/div>\n\t\t<\/section>\n\t\t        <section class=\"elementor-section elementor-top-section elementor-element elementor-element-185713d elementor-section-boxed elementor-section-height-default elementor-section-height-default pxl-type-header-none pxl-section-smoke_particles-no pxl-row-scroll-none\" data-id=\"185713d\" data-element_type=\"section\">\n\n                            <div class=\"elementor-background-overlay\"><\/div>\n            \n                <div class=\"elementor-container elementor-column-gap-default\">\n                <div class=\"elementor-column elementor-col-100 elementor-top-column elementor-element elementor-element-4a02536 pxl-column-element-full pxl-column-none\" data-id=\"4a02536\" data-element_type=\"column\">\r\n        <div class=\"elementor-widget-wrap elementor-element-populated\">\r\n                     \r\n                <section class=\"elementor-section elementor-inner-section elementor-element elementor-element-6e8e9c7 elementor-section-boxed elementor-section-height-default elementor-section-height-default pxl-type-header-none pxl-section-smoke_particles-no pxl-row-scroll-none\" data-id=\"6e8e9c7\" data-element_type=\"section\">\n\n                \n                <div class=\"elementor-container elementor-column-gap-no\">\n                <div class=\"elementor-column elementor-col-33 elementor-inner-column elementor-element elementor-element-256b89f pxl-column-element-default pxl-column-none\" data-id=\"256b89f\" data-element_type=\"column\">\r\n        <div class=\"elementor-widget-wrap elementor-element-populated\">\r\n                     \r\n        \t\t<div class=\"elementor-element elementor-element-ddb6d24 elementor-widget elementor-widget-pxl_icon_box\" data-id=\"ddb6d24\" data-element_type=\"widget\" data-widget_type=\"pxl_icon_box.default\">\n\t\t\t\t<div class=\"elementor-widget-container\">\n\t\t\t\t\t<div class=\"pxl-icon-box pxl-icon-box1 wow skewIn\" data-wow-delay=\"ms\">\r\n    <div class=\"pxl-item--inner bg-on\">\r\n                            <div class=\"pxl-item--icon\">\r\n                                    <img decoding=\"async\" width=\"206\" height=\"125\" src=\"https:\/\/expreskurier.eu\/wp-content\/uploads\/2026\/02\/Atraktivne-financne-ohodnotenie.png\" class=\"attachment-full\" alt=\"\" \/>                            <\/div>\r\n                <div class=\"pxl-item--content\">\r\n            <h3 class=\"pxl-item--title el-empty\">\r\n                                    <span>Attractive financial compensation\n<\/span>\r\n                            <\/h3>  \r\n                            <div class=\"pxl-item--description\">\r\n                    We offer fair pay and stable employment in a well-established company.                <\/div>\r\n              \r\n        <\/div>\r\n    <\/div>\r\n<\/div>\t\t\t\t<\/div>\n\t\t\t\t<\/div>\n\t\t            <\/div>\r\n        <\/div>\r\n                <div class=\"elementor-column elementor-col-33 elementor-inner-column elementor-element elementor-element-8839e96 pxl-column-element-default pxl-column-none\" data-id=\"8839e96\" data-element_type=\"column\">\r\n        <div class=\"elementor-widget-wrap elementor-element-populated\">\r\n                     \r\n        \t\t<div class=\"elementor-element elementor-element-1127bf1 elementor-widget elementor-widget-pxl_icon_box\" data-id=\"1127bf1\" data-element_type=\"widget\" data-widget_type=\"pxl_icon_box.default\">\n\t\t\t\t<div class=\"elementor-widget-container\">\n\t\t\t\t\t<div class=\"pxl-icon-box pxl-icon-box1 wow skewIn\" data-wow-delay=\"ms\">\r\n    <div class=\"pxl-item--inner bg-on\">\r\n                            <div class=\"pxl-item--icon\">\r\n                                    <img decoding=\"async\" width=\"213\" height=\"125\" src=\"https:\/\/expreskurier.eu\/wp-content\/uploads\/2026\/02\/Mlady-a-priatelsky-kolektiv.png\" class=\"attachment-full\" alt=\"\" \/>                            <\/div>\r\n                <div class=\"pxl-item--content\">\r\n            <h3 class=\"pxl-item--title el-empty\">\r\n                                    <span>Young and friendly team\n<\/span>\r\n                            <\/h3>  \r\n                            <div class=\"pxl-item--description\">\r\n                    Work in a team of people who support each other and create a positive working atmosphere.                <\/div>\r\n              \r\n        <\/div>\r\n    <\/div>\r\n<\/div>\t\t\t\t<\/div>\n\t\t\t\t<\/div>\n\t\t            <\/div>\r\n        <\/div>\r\n                <div class=\"elementor-column elementor-col-33 elementor-inner-column elementor-element elementor-element-49b5608 pxl-column-element-default pxl-column-none\" data-id=\"49b5608\" data-element_type=\"column\">\r\n        <div class=\"elementor-widget-wrap elementor-element-populated\">\r\n                     \r\n        \t\t<div class=\"elementor-element elementor-element-9bc7693 elementor-widget elementor-widget-pxl_icon_box\" data-id=\"9bc7693\" data-element_type=\"widget\" data-widget_type=\"pxl_icon_box.default\">\n\t\t\t\t<div class=\"elementor-widget-container\">\n\t\t\t\t\t<div class=\"pxl-icon-box pxl-icon-box1 wow skewIn\" data-wow-delay=\"ms\">\r\n    <div class=\"pxl-item--inner bg-on\">\r\n                            <div class=\"pxl-item--icon\">\r\n                                    <img loading=\"lazy\" decoding=\"async\" width=\"213\" height=\"125\" src=\"https:\/\/expreskurier.eu\/wp-content\/uploads\/2026\/02\/Ferovy-pristup.png\" class=\"attachment-full\" alt=\"\" \/>                            <\/div>\r\n                <div class=\"pxl-item--content\">\r\n            <h3 class=\"pxl-item--title el-empty\">\r\n                                    <span>Fair approach<\/span>\r\n                            <\/h3>  \r\n                            <div class=\"pxl-item--description\">\r\n                    We value open communication, reliability, and fair treatment of every employee.                <\/div>\r\n              \r\n        <\/div>\r\n    <\/div>\r\n<\/div>\t\t\t\t<\/div>\n\t\t\t\t<\/div>\n\t\t            <\/div>\r\n        <\/div>\r\n        \t\t\t<\/div>\n\t\t<\/section>\n\t\t            <\/div>\r\n        <\/div>\r\n        \t\t\t<\/div>\n\t\t<\/section>\n\t\t        <section class=\"elementor-section elementor-top-section elementor-element elementor-element-bdadc9c elementor-section-boxed elementor-section-height-default elementor-section-height-default pxl-type-header-none pxl-section-smoke_particles-no pxl-row-scroll-none\" data-id=\"bdadc9c\" data-element_type=\"section\">\n\n                \n                <div class=\"elementor-container elementor-column-gap-default\">\n                <div class=\"elementor-column elementor-col-100 elementor-top-column elementor-element elementor-element-ddad5dd pxl-column-element-default pxl-column-none\" data-id=\"ddad5dd\" data-element_type=\"column\">\r\n        <div class=\"elementor-widget-wrap elementor-element-populated\">\r\n                     \r\n                <section class=\"elementor-section elementor-inner-section elementor-element elementor-element-0d68209 elementor-section-boxed elementor-section-height-default elementor-section-height-default pxl-type-header-none pxl-section-smoke_particles-no pxl-row-scroll-none\" data-id=\"0d68209\" data-element_type=\"section\" data-settings=\"{&quot;background_background&quot;:&quot;classic&quot;}\">\n\n                \n                <div class=\"elementor-container elementor-column-gap-extended\">\n                <div class=\"elementor-column elementor-col-50 elementor-inner-column elementor-element elementor-element-d276b2c pxl-column-element-full pxl-column-none\" data-id=\"d276b2c\" data-element_type=\"column\" data-settings=\"{&quot;background_background&quot;:&quot;classic&quot;}\">\r\n        <div class=\"elementor-widget-wrap elementor-element-populated\">\r\n                     \r\n        \t\t<div class=\"elementor-element elementor-element-27279d4 elementor-widget__width-inherit elementor-widget elementor-widget-image\" data-id=\"27279d4\" data-element_type=\"widget\" data-widget_type=\"image.default\">\n\t\t\t\t\t\t\t\t\t\t\t\t\t\t\t<img loading=\"lazy\" decoding=\"async\" width=\"1255\" height=\"1200\" src=\"https:\/\/expreskurier.eu\/wp-content\/uploads\/2026\/02\/Expres-Kurier-Pracujte-ako-vodic-v-prepravnej-spolocnosti-1-e1770728113377.png\" class=\"attachment-2048x2048 size-2048x2048 wp-image-9287\" alt=\"\" srcset=\"https:\/\/expreskurier.eu\/wp-content\/uploads\/2026\/02\/Expres-Kurier-Pracujte-ako-vodic-v-prepravnej-spolocnosti-1-e1770728113377.png 1255w, https:\/\/expreskurier.eu\/wp-content\/uploads\/2026\/02\/Expres-Kurier-Pracujte-ako-vodic-v-prepravnej-spolocnosti-1-e1770728113377-300x287.png 300w, https:\/\/expreskurier.eu\/wp-content\/uploads\/2026\/02\/Expres-Kurier-Pracujte-ako-vodic-v-prepravnej-spolocnosti-1-e1770728113377-1024x979.png 1024w, https:\/\/expreskurier.eu\/wp-content\/uploads\/2026\/02\/Expres-Kurier-Pracujte-ako-vodic-v-prepravnej-spolocnosti-1-e1770728113377-768x734.png 768w, https:\/\/expreskurier.eu\/wp-content\/uploads\/2026\/02\/Expres-Kurier-Pracujte-ako-vodic-v-prepravnej-spolocnosti-1-e1770728113377-743x710.png 743w\" sizes=\"(max-width: 1255px) 100vw, 1255px\" \/>\t\t\t\t\t\t\t\t\t\t\t\t\t\t\t<\/div>\n\t\t            <\/div>\r\n        <\/div>\r\n                <div class=\"elementor-column elementor-col-50 elementor-inner-column elementor-element elementor-element-9d088e7 pxl-column-element-default pxl-column-none\" data-id=\"9d088e7\" data-element_type=\"column\">\r\n        <div class=\"elementor-widget-wrap elementor-element-populated\">\r\n                     \r\n        \t\t<div class=\"elementor-element elementor-element-2518cd5 elementor-widget elementor-widget-pxl_heading\" data-id=\"2518cd5\" data-element_type=\"widget\" data-widget_type=\"pxl_heading.default\">\n\t\t\t\t<div class=\"elementor-widget-container\">\n\t\t\t\t\t<div id=\"pxl-pxl_heading-2518cd5-3504\" class=\"pxl-heading px-sub-title-default-style\">\n\t<div class=\"pxl-heading--inner\">\n\t\t\n\t\t\n\t\t<h3 class=\"pxl-item--title\" data-wow-delay=\"ms\">\n\t\t\t\t\t\t\tWe are looking for drivers\t\t\n\t\t\t\t\n\t\t<\/h3>\n\n\t\t\n\t\t\n\t\t\t\t\t\t\t\t\t<\/div>\n<\/div>\t\t\t\t<\/div>\n\t\t\t\t<\/div>\n\t\t\t\t<div class=\"elementor-element elementor-element-c0f1149 elementor-widget elementor-widget-pxl_text_editor\" data-id=\"c0f1149\" data-element_type=\"widget\" data-widget_type=\"pxl_text_editor.default\">\n\t\t\t\t<div class=\"elementor-widget-container\">\n\t\t\t\t\t<div class=\"pxl-text-editor\">\n\t<div class=\"pxl-item--inner\" data-wow-delay=\"ms\">\n\t\t<div class=\"flex flex-col text-sm pb-25\"><article class=\"text-token-text-primary w-full focus:outline-none [--shadow-height:45px] has-data-writing-block:pointer-events-none has-data-writing-block:-mt-(--shadow-height) has-data-writing-block:pt-(--shadow-height) [&amp;:has([data-writing-block])&gt;*]:pointer-events-auto scroll-mt-[calc(var(--header-height)+min(200px,max(70px,20svh)))]\" dir=\"auto\" data-turn-id=\"ed03de3a-ff2a-48e3-984d-718a8530a7e6\" data-testid=\"conversation-turn-16\" data-scroll-anchor=\"true\" data-turn=\"assistant\"><div class=\"text-base my-auto mx-auto pb-10 [--thread-content-margin:--spacing(4)] @w-sm\/main:[--thread-content-margin:--spacing(6)] @w-lg\/main:[--thread-content-margin:--spacing(16)] px-(--thread-content-margin)\"><div class=\"[--thread-content-max-width:40rem] @w-lg\/main:[--thread-content-max-width:48rem] mx-auto max-w-(--thread-content-max-width) flex-1 group\/turn-messages focus-visible:outline-hidden relative flex w-full min-w-0 flex-col agent-turn\"><div class=\"flex max-w-full flex-col grow\"><div class=\"min-h-8 text-message relative flex w-full flex-col items-end gap-2 text-start break-words whitespace-normal [.text-message+&amp;]:mt-1\" dir=\"auto\" data-message-author-role=\"assistant\" data-message-id=\"bc6402d1-4479-4a51-84e1-74c2f60f900b\" data-message-model-slug=\"gpt-5-2\"><div class=\"flex w-full flex-col gap-1 empty:hidden first:pt-[1px]\"><div class=\"markdown prose dark:prose-invert w-full break-words light markdown-new-styling\"><p data-start=\"827\" data-end=\"1190\">If you enjoy driving and want to be part of a stable transport company, we would be happy to welcome you to our team. We accept both experienced drivers and beginners who have a responsible approach to work and a willingness to grow.<\/p><p data-start=\"1197\" data-end=\"1224\"><strong data-start=\"1197\" data-end=\"1224\">Candidate requirements<\/strong><\/p><p data-start=\"1228\" data-end=\"1267\">\u2022 Driving license category B, C, or E<\/p><p data-start=\"1270\" data-end=\"1379\">\u2022 For categories C and E: driver qualification card and tachograph card (we can assist with obtaining them if needed)<\/p><p data-start=\"1382\" data-end=\"1408\">\u2022 Criminal record extract<\/p><p data-start=\"1411\" data-end=\"1433\">\u2022 Good health condition<\/p><p data-start=\"1436\" data-end=\"1476\" data-is-last-node=\"\">\u2022 Responsibility, reliability, and flexibility<\/p><\/div><\/div><\/div><\/div><\/div><\/div><\/article><\/div>\t<\/div>\n<\/div>\t\t\t\t<\/div>\n\t\t\t\t<\/div>\n\t\t            <\/div>\r\n        <\/div>\r\n        \t\t\t<\/div>\n\t\t<\/section>\n\t\t            <\/div>\r\n        <\/div>\r\n        \t\t\t<\/div>\n\t\t<\/section>\n\t\t        <section class=\"elementor-section elementor-top-section elementor-element elementor-element-7669d7d elementor-section-stretched elementor-section-boxed elementor-section-height-default elementor-section-height-default pxl-type-header-none pxl-section-smoke_particles-no pxl-row-scroll-none\" data-id=\"7669d7d\" data-element_type=\"section\" id=\"kontakt\" data-settings=\"{&quot;stretch_section&quot;:&quot;section-stretched&quot;,&quot;background_background&quot;:&quot;classic&quot;}\">\n\n                            <div class=\"elementor-background-overlay\"><\/div>\n            \n                <div class=\"elementor-container elementor-column-gap-extended\">\n                <div class=\"elementor-column elementor-col-100 elementor-top-column elementor-element elementor-element-a56f320 pxl-column-element-default pxl-column-none\" data-id=\"a56f320\" data-element_type=\"column\">\r\n        <div class=\"elementor-widget-wrap elementor-element-populated\">\r\n                     \r\n                <section class=\"elementor-section elementor-inner-section elementor-element elementor-element-2236002 elementor-section-boxed elementor-section-height-default elementor-section-height-default pxl-type-header-none pxl-section-smoke_particles-no pxl-row-scroll-none\" data-id=\"2236002\" data-element_type=\"section\">\n\n                \n                <div class=\"elementor-container elementor-column-gap-no\">\n                <div class=\"elementor-column elementor-col-50 elementor-inner-column elementor-element elementor-element-7aa22e0 pxl-column-element-default pxl-column-none\" data-id=\"7aa22e0\" data-element_type=\"column\">\r\n        <div class=\"elementor-widget-wrap elementor-element-populated\">\r\n                     \r\n        \t\t<div class=\"elementor-element elementor-element-65456e0 elementor-widget__width-inherit elementor-widget elementor-widget-pxl_image\" data-id=\"65456e0\" data-element_type=\"widget\" data-widget_type=\"pxl_image.default\">\n\t\t\t\t<div class=\"elementor-widget-container\">\n\t\t\t\t\t<div class=\"pxl-image-single\" data-wow-delay=\"ms\">\r\n                                        <div class=\"pxl-item--inner\">\r\n                                            <img loading=\"lazy\" decoding=\"async\" width=\"70\" height=\"35\" src=\"https:\/\/expreskurier.eu\/wp-content\/uploads\/2023\/12\/Icon-right.png\" class=\"no-lazyload attachment-full\" alt=\"\" \/>                                    <\/div>\r\n                        <\/div>\t\t\t\t<\/div>\n\t\t\t\t<\/div>\n\t\t\t\t<div class=\"elementor-element elementor-element-9064b52 elementor-widget elementor-widget-pxl_heading\" data-id=\"9064b52\" data-element_type=\"widget\" data-widget_type=\"pxl_heading.default\">\n\t\t\t\t<div class=\"elementor-widget-container\">\n\t\t\t\t\t<div id=\"pxl-pxl_heading-9064b52-8736\" class=\"pxl-heading px-sub-title-default-style\">\n\t<div class=\"pxl-heading--inner\">\n\t\t\n\t\t\n\t\t<h3 class=\"pxl-item--title\" data-wow-delay=\"ms\">\n\t\t\t\t\t\t\tWould you like to join the Expres Kuri\u00e9r team?\t\t\n\t\t\t\t\n\t\t<\/h3>\n\n\t\t\n\t\t\n\t\t\t\t\t\t\t\t\t<\/div>\n<\/div>\t\t\t\t<\/div>\n\t\t\t\t<\/div>\n\t\t\t\t<div class=\"elementor-element elementor-element-b0c744f elementor-widget elementor-widget-pxl_text_editor\" data-id=\"b0c744f\" data-element_type=\"widget\" data-widget_type=\"pxl_text_editor.default\">\n\t\t\t\t<div class=\"elementor-widget-container\">\n\t\t\t\t\t<div class=\"pxl-text-editor\">\n\t<div class=\"pxl-item--inner\" data-wow-delay=\"ms\">\n\t\t<p>Send us your application by filling out the form.<\/p>\t<\/div>\n<\/div>\t\t\t\t<\/div>\n\t\t\t\t<\/div>\n\t\t            <\/div>\r\n        <\/div>\r\n                <div class=\"elementor-column elementor-col-50 elementor-inner-column elementor-element elementor-element-d0f7e36 pxl-column-element-default pxl-column-none\" data-id=\"d0f7e36\" data-element_type=\"column\">\r\n        <div class=\"elementor-widget-wrap elementor-element-populated\">\r\n                     \r\n        \t\t<div class=\"elementor-element elementor-element-27dd0ff contact-form-custom2 elementor-widget elementor-widget-pxl_contact_form\" data-id=\"27dd0ff\" data-element_type=\"widget\" data-widget_type=\"pxl_contact_form.default\">\n\t\t\t\t<div class=\"elementor-widget-container\">\n\t\t\t\t\t    <div class=\"pxl-contact-form pxl-contact-form1 btn-w-auto\" data-wow-delay=\"ms\">\r\n                \n<div class=\"wpcf7 no-js\" id=\"wpcf7-f9485-o1\" lang=\"en-US\" dir=\"ltr\" data-wpcf7-id=\"9485\">\n<div class=\"screen-reader-response\"><p role=\"status\" aria-live=\"polite\" aria-atomic=\"true\"><\/p> <ul><\/ul><\/div>\n<form action=\"\/en\/wp-json\/wp\/v2\/pages\/9246#wpcf7-f9485-o1\" method=\"post\" class=\"wpcf7-form init\" aria-label=\"Contact form\" novalidate=\"novalidate\" data-status=\"init\" data-trp-original-action=\"\/en\/wp-json\/wp\/v2\/pages\/9246#wpcf7-f9485-o1\">\n<fieldset class=\"hidden-fields-container\"><input type=\"hidden\" name=\"_wpcf7\" value=\"9485\" \/><input type=\"hidden\" name=\"_wpcf7_version\" value=\"6.1.4\" \/><input type=\"hidden\" name=\"_wpcf7_locale\" value=\"en_US\" \/><input type=\"hidden\" name=\"_wpcf7_unit_tag\" value=\"wpcf7-f9485-o1\" \/><input type=\"hidden\" name=\"_wpcf7_container_post\" value=\"0\" \/><input type=\"hidden\" name=\"_wpcf7_posted_data_hash\" value=\"\" \/><input type=\"hidden\" name=\"_wpcf7_recaptcha_response\" value=\"\" \/>\n<\/fieldset>\n<div class=\"wp-row-ctf7 contact-form-custom1\">\n\t<div class=\"row pxl-group--items\">\n\t\t<div class=\"col-lg-6\">\n\t\t\t<div class=\"pxl--item your-name\">\n\t\t\t\t<p><label>Your name<br \/>\n<span class=\"wpcf7-form-control-wrap\" data-name=\"your-name\"><input size=\"40\" maxlength=\"400\" class=\"wpcf7-form-control wpcf7-text wpcf7-validates-as-required\" aria-required=\"true\" aria-invalid=\"false\" value=\"\" type=\"text\" name=\"your-name\" \/><\/span><br \/>\n<\/label>\n\t\t\t\t<\/p>\n\t\t\t<\/div>\n\t\t<\/div>\n\t\t<div class=\"col-lg-6\">\n\t\t\t<div class=\"pxl--item your-emaill\">\n\t\t\t\t<p><label>E-mail<br \/>\n<span class=\"wpcf7-form-control-wrap\" data-name=\"your-email\"><input size=\"40\" maxlength=\"400\" class=\"wpcf7-form-control wpcf7-email wpcf7-validates-as-required wpcf7-text wpcf7-validates-as-email\" aria-required=\"true\" aria-invalid=\"false\" value=\"\" type=\"email\" name=\"your-email\" \/><\/span><br \/>\n<\/label>\n\t\t\t\t<\/p>\n\t\t\t<\/div>\n\t\t<\/div>\n\t\t<div class=\"col-lg-12\">\n\t\t\t<div class=\"pxl--item your-message\">\n\t\t\t\t<p><label>Inquiry<br \/>\n<span class=\"wpcf7-form-control-wrap\" data-name=\"your-message\"><textarea cols=\"40\" rows=\"10\" maxlength=\"2000\" class=\"wpcf7-form-control wpcf7-textarea wpcf7-validates-as-required\" aria-required=\"true\" aria-invalid=\"false\" name=\"your-message\"><\/textarea><\/span><br \/>\n<\/label>\n\t\t\t\t<\/p>\n\t\t\t<\/div>\n\t\t<\/div>\n\t\t<div class=\"col-lg-12\">\n\t\t\t<div style=\"background:transparent !important;\">\n\t\t\t\t<p><span class=\"wpcf7-form-control-wrap\" data-name=\"acceptance-361\"><span class=\"wpcf7-form-control wpcf7-acceptance\"><span class=\"wpcf7-list-item\"><label><input type=\"checkbox\" name=\"acceptance-361\" value=\"1\" aria-invalid=\"false\" \/><span class=\"wpcf7-list-item-label\">I agree to <a href=\"https:\/\/expreskurier.eu\/en\/gdpr\/\" target=\"_blank\">the processing of personal data<\/a><\/span><\/label><\/span><\/span><\/span>\n\t\t\t\t<\/p>\n\t\t\t<\/div>\n\t\t<\/div>\n\t<\/div>\n\t<div class=\"col-lg-12\">\n\t\t<div class=\"row pxl--item input-filled-btn\">\n\t\t\t<p><input class=\"wpcf7-form-control wpcf7-submit has-spinner\" type=\"submit\" value=\"Submit application\" \/>\n\t\t\t<\/p>\n\t\t<\/div>\n\t<\/div>\n<\/div><input type='hidden' class='wpcf7-pum' value='{\"closepopup\":false,\"closedelay\":0,\"openpopup\":false,\"openpopup_id\":0}' \/><div class=\"wpcf7-response-output\" aria-hidden=\"true\"><\/div>\n<input type=\"hidden\" name=\"trp-form-language\" value=\"en\"\/><\/form>\n<\/div>\n    <\/div>\r\n\t\t\t\t<\/div>\n\t\t\t\t<\/div>\n\t\t            <\/div>\r\n        <\/div>\r\n        \t\t\t<\/div>\n\t\t<\/section>\n\t\t            <\/div>\r\n        <\/div>\r\n        \t\t\t<\/div>\n\t\t<\/section>\n\t\t\t\t<\/div>","protected":false},"excerpt":{"rendered":"<p>Kari\u00e9ra v Expres Kuri\u00e9r H\u013ead\u00e1me spo\u013eahliv\u00fdch vodi\u010dov, ktor\u00ed chc\u00fa pracova\u0165 v stabilnej dopravnej spolo\u010dnosti s dlhoro\u010dn\u00fdmi sk\u00fasenos\u0165ami. Sta\u0148te sa s\u00fa\u010das\u0165ou n\u00e1\u0161ho t\u00edmu a jazdite s profesion\u00e1lmi. Atrakt\u00edvne finan\u010dn\u00e9 ohodnotenie Pon\u00fakame f\u00e9rov\u00e9 platov\u00e9 podmienky a stabiln\u00fa pr\u00e1cu v zabehnutej spolo\u010dnosti. Mlad\u00fd a priate\u013esk\u00fd kolekt\u00edv Pracujte v t\u00edme \u013eud\u00ed, ktor\u00ed si navz\u00e1jom pom\u00e1haj\u00fa a vytv\u00e1raj\u00fa pr\u00edjemn\u00fa pracovn\u00fa [&hellip;]<\/p>","protected":false},"author":1,"featured_media":0,"parent":0,"menu_order":0,"comment_status":"closed","ping_status":"closed","template":"","meta":{"footnotes":""},"class_list":["post-9246","page","type-page","status-publish","hentry"],"_links":{"self":[{"href":"https:\/\/expreskurier.eu\/en\/wp-json\/wp\/v2\/pages\/9246","targetHints":{"allow":["GET"]}}],"collection":[{"href":"https:\/\/expreskurier.eu\/en\/wp-json\/wp\/v2\/pages"}],"about":[{"href":"https:\/\/expreskurier.eu\/en\/wp-json\/wp\/v2\/types\/page"}],"author":[{"embeddable":true,"href":"https:\/\/expreskurier.eu\/en\/wp-json\/wp\/v2\/users\/1"}],"replies":[{"embeddable":true,"href":"https:\/\/expreskurier.eu\/en\/wp-json\/wp\/v2\/comments?post=9246"}],"version-history":[{"count":61,"href":"https:\/\/expreskurier.eu\/en\/wp-json\/wp\/v2\/pages\/9246\/revisions"}],"predecessor-version":[{"id":9488,"href":"https:\/\/expreskurier.eu\/en\/wp-json\/wp\/v2\/pages\/9246\/revisions\/9488"}],"wp:attachment":[{"href":"https:\/\/expreskurier.eu\/en\/wp-json\/wp\/v2\/media?parent=9246"}],"curies":[{"name":"wp","href":"https:\/\/api.w.org\/{rel}","templated":true}]}}