{"id":9507,"date":"2026-03-10T12:37:59","date_gmt":"2026-03-10T11:37:59","guid":{"rendered":"https:\/\/expreskurier.eu\/?page_id=9507"},"modified":"2026-03-19T12:57:26","modified_gmt":"2026-03-19T11:57:26","slug":"gdpr","status":"publish","type":"page","link":"https:\/\/expreskurier.eu\/en\/gdpr\/","title":{"rendered":"Privacy Policy"},"content":{"rendered":"<div data-elementor-type=\"wp-page\" data-elementor-id=\"9507\" class=\"elementor elementor-9507\" data-elementor-post-type=\"page\">\n\t\t\t\t<div class=\"elementor-element elementor-element-9a47dc1 e-flex e-con-boxed e-con e-parent\" data-id=\"9a47dc1\" data-element_type=\"container\">\t\t\t<div class=\"e-con-inner\">\r\n\t\t\t\t<div class=\"elementor-element elementor-element-c574097 e-n-tabs-mobile elementor-widget elementor-widget-n-tabs\" data-id=\"c574097\" data-element_type=\"widget\" data-settings=\"{&quot;horizontal_scroll&quot;:&quot;disable&quot;}\" data-widget_type=\"nested-tabs.default\">\n\t\t\t\t\t\t\t<div class=\"e-n-tabs\" data-widget-number=\"207044759\" aria-label=\"Tabs. Open items with Enter or Space, close with Escape and navigate using the Arrow keys.\">\n\t\t\t<div class=\"e-n-tabs-heading\" role=\"tablist\">\n\t\t\t\t\t<button id=\"e-n-tab-title-2070447591\" data-tab-title-id=\"e-n-tab-title-2070447591\" class=\"e-n-tab-title\" aria-selected=\"true\" data-tab-index=\"1\" role=\"tab\" tabindex=\"0\" aria-controls=\"e-n-tab-content-2070447591\" style=\"--n-tabs-title-order: 1;\">\n\t\t\t\t\t\t<span class=\"e-n-tab-title-text\">\n\t\t\t\tSLOVAK\t\t\t<\/span>\n\t\t<\/button>\n\t\t\t\t<button id=\"e-n-tab-title-2070447592\" data-tab-title-id=\"e-n-tab-title-2070447592\" class=\"e-n-tab-title\" aria-selected=\"false\" data-tab-index=\"2\" role=\"tab\" tabindex=\"-1\" aria-controls=\"e-n-tab-content-2070447592\" style=\"--n-tabs-title-order: 2;\">\n\t\t\t\t\t\t<span class=\"e-n-tab-title-text\">\n\t\t\t\tENGLISH\t\t\t<\/span>\n\t\t<\/button>\n\t\t\t\t\t<\/div>\n\t\t\t<div class=\"e-n-tabs-content\">\n\t\t\t\t<div id=\"e-n-tab-content-2070447591\" role=\"tabpanel\" aria-labelledby=\"e-n-tab-title-2070447591\" data-tab-index=\"1\" style=\"--n-tabs-title-order: 1;\" class=\"e-active elementor-element elementor-element-529b388 e-con-full e-flex e-con e-child\" data-id=\"529b388\" data-element_type=\"container\">\t\t<div class=\"elementor-element elementor-element-5171e79 elementor-widget elementor-widget-text-editor\" data-id=\"5171e79\" data-element_type=\"widget\" data-widget_type=\"text-editor.default\">\n\t\t\t\t\t\t\t\t\t<h1 class=\"wp-block-heading\">Privacy Policy<\/h1><p><!-- \/wp:heading --> <!-- wp:paragraph --><\/p><p>Tieto z\u00e1sady ochrany osobn\u00fdch \u00fadajov popisuj\u00fa sp\u00f4sob, ak\u00fdm spolo\u010dnos\u0165\u00a0<strong>EXPRES KURI\u00c9R Nitra, s.r.o.<\/strong>, so s\u00eddlom: Doln\u00e9 Hony 4, 949 01 Nitra, I\u010cO: 43\u00a0892 264 (\u010falej len \u201espolo\u010dnos\u0165\u201c alebo \u201eprev\u00e1dzkovate\u013e\u201c), sprac\u00fava osobn\u00e9 \u00fadaje n\u00e1v\u0161tevn\u00edkov webovej str\u00e1nky\u00a0<a href=\"https:\/\/expreskurier.eu\/en\/\">www.expreskurier.eu<\/a>, a to v s\u00falade s nariaden\u00edm GDPR a platn\u00fdmi pr\u00e1vnymi predpismi SR.<\/p><p><!-- \/wp:paragraph --> <!-- wp:paragraph --><\/p><p><strong>1. Ak\u00e9 \u00fadaje sprac\u00favame<\/strong><\/p><p><!-- \/wp:paragraph --> <!-- wp:paragraph --><\/p><p>Pri pou\u017e\u00edvan\u00ed na\u0161ej webovej str\u00e1nky m\u00f4\u017eeme sprac\u00fava\u0165 nasleduj\u00face osobn\u00e9 \u00fadaje:<\/p><p><!-- \/wp:paragraph --> <!-- wp:list --><\/p><ul class=\"wp-block-list\"><li style=\"list-style-type: none;\"><ul class=\"wp-block-list\"><!-- wp:list-item --><li>Meno a priezvisko (ak ich uvediete vo formul\u00e1ri)<\/li><\/ul><\/li><\/ul><p><!-- \/wp:list-item --> <!-- wp:list-item --><\/p><ul class=\"wp-block-list\"><li style=\"list-style-type: none;\"><ul class=\"wp-block-list\"><li>Telef\u00f3nne \u010d\u00edslo a e-mailov\u00e1 adresa<\/li><\/ul><\/li><\/ul><p><!-- \/wp:list-item --> <!-- wp:list-item --><\/p><ul class=\"wp-block-list\"><li style=\"list-style-type: none;\"><ul class=\"wp-block-list\"><li>IP adresa, typ prehliada\u010da a opera\u010dn\u00fd syst\u00e9m<\/li><\/ul><\/li><\/ul><p><!-- \/wp:list-item --> <!-- wp:list-item --><\/p><ul class=\"wp-block-list\"><li style=\"list-style-type: none;\"><ul class=\"wp-block-list\"><li>Cookies a \u010fal\u0161ie identifik\u00e1tory pre marketingov\u00e9 a analytick\u00e9 \u00fa\u010dely<\/li><\/ul><\/li><\/ul><p><!-- \/wp:list-item --><\/p><p><!-- \/wp:list --> <!-- wp:paragraph --><\/p><p><strong>2. Ako \u00fadaje z\u00edskavame<\/strong><\/p><p><!-- \/wp:paragraph --> <!-- wp:paragraph --><\/p><p>Va\u0161e osobn\u00e9 \u00fadaje z\u00edskavame:<\/p><p><!-- \/wp:paragraph --> <!-- wp:list --><\/p><ul class=\"wp-block-list\"><li style=\"list-style-type: none;\"><ul class=\"wp-block-list\"><!-- wp:list-item --><li>prostredn\u00edctvom kontaktn\u00fdch formul\u00e1rov<\/li><\/ul><\/li><\/ul><p><!-- \/wp:list-item --> <!-- wp:list-item --><\/p><ul class=\"wp-block-list\"><li style=\"list-style-type: none;\"><ul class=\"wp-block-list\"><li>prostredn\u00edctvom s\u00faborov cookies a analytick\u00fdch n\u00e1strojov (napr. Google Analytics, Smartlook)<\/li><\/ul><\/li><\/ul><p><!-- \/wp:list-item --><\/p><p><!-- \/wp:list --> <!-- wp:paragraph --><\/p><p><strong>3. \u00da\u010dely sprac\u00favania \u00fadajov<\/strong><\/p><p><!-- \/wp:paragraph --> <!-- wp:paragraph --><\/p><p>Va\u0161e \u00fadaje pou\u017e\u00edvame na tieto \u00fa\u010dely:<\/p><p><!-- \/wp:paragraph --> <!-- wp:list --><\/p><ul class=\"wp-block-list\"><li style=\"list-style-type: none;\"><ul class=\"wp-block-list\"><!-- wp:list-item --><li>vybavovanie dopytov a komunik\u00e1cia so z\u00e1kazn\u00edkmi<\/li><\/ul><\/li><\/ul><p><!-- \/wp:list-item --> <!-- wp:list-item --><\/p><ul class=\"wp-block-list\"><li style=\"list-style-type: none;\"><ul class=\"wp-block-list\"><li>zlep\u0161ovanie funk\u010dnosti webstr\u00e1nky<\/li><\/ul><\/li><\/ul><p><!-- \/wp:list-item --> <!-- wp:list-item --><\/p><ul class=\"wp-block-list\"><li style=\"list-style-type: none;\"><ul class=\"wp-block-list\"><li>anal\u00fdza n\u00e1v\u0161tevnosti a spr\u00e1vania n\u00e1v\u0161tevn\u00edkov<\/li><\/ul><\/li><\/ul><p><!-- \/wp:list-item --> <!-- wp:list-item --><\/p><ul class=\"wp-block-list\"><li style=\"list-style-type: none;\"><ul class=\"wp-block-list\"><li>marketingov\u00e9 \u00fa\u010dely (zasielanie noviniek, akci\u00ed \u2013 len s va\u0161\u00edm s\u00fahlasom)<\/li><\/ul><\/li><\/ul><p><!-- \/wp:list-item --><\/p><p><!-- \/wp:list --> <!-- wp:paragraph --><\/p><p><strong>4. Cookies<\/strong><\/p><p><!-- \/wp:paragraph --> <!-- wp:paragraph --><\/p><p>Na na\u0161ej webovej str\u00e1nke pou\u017e\u00edvame cookies. Podrobnosti n\u00e1jdete v\u00a0pravidl\u00e1ch pou\u017e\u00edvania s\u00faborov cookies. M\u00f4\u017eete si nastavi\u0165 svoj prehliada\u010d tak, aby cookies odmietol alebo v\u00e1s na ne upozornil.<\/p><p><!-- \/wp:paragraph --> <!-- wp:paragraph --><\/p><p><strong>5. Kto m\u00e1 pr\u00edstup k \u00fadajom<\/strong><\/p><p><!-- \/wp:paragraph --> <!-- wp:paragraph --><\/p><p>Va\u0161e \u00fadaje m\u00f4\u017eeme zdie\u013ea\u0165 s t\u00fdmito tret\u00edmi stranami:<\/p><p><!-- \/wp:paragraph --> <!-- wp:list --><\/p><ul class=\"wp-block-list\"><li style=\"list-style-type: none;\"><ul class=\"wp-block-list\"><!-- wp:list-item --><li>Poskytovatelia analytick\u00fdch n\u00e1strojov (napr. Google Analytics, Smartlook)<\/li><\/ul><\/li><\/ul><p><!-- \/wp:list-item --> <!-- wp:list-item --><\/p><ul class=\"wp-block-list\"><li style=\"list-style-type: none;\"><ul class=\"wp-block-list\"><li>Webhostingov\u00e1 spolo\u010dnos\u0165<\/li><\/ul><\/li><\/ul><p><!-- \/wp:list-item --> <!-- wp:list-item --><\/p><ul class=\"wp-block-list\"><li style=\"list-style-type: none;\"><ul class=\"wp-block-list\"><li>IT administr\u00e1tori a spr\u00e1vcovia webstr\u00e1nky<\/li><\/ul><\/li><\/ul><p><!-- \/wp:list-item --><\/p><p><!-- \/wp:list --> <!-- wp:paragraph --><\/p><p>So v\u0161etk\u00fdmi partnermi m\u00e1me uzavret\u00e9 zmluvy o sprac\u00favan\u00ed \u00fadajov.<\/p><p><!-- \/wp:paragraph --> <!-- wp:paragraph --><\/p><p><strong>6. Ako dlho \u00fadaje uchov\u00e1vame<\/strong><\/p><p><!-- \/wp:paragraph --> <!-- wp:paragraph --><\/p><p>Osobn\u00e9 \u00fadaje uchov\u00e1vame po dobu nevyhnutn\u00fa na naplnenie \u00fa\u010delu, najviac v\u0161ak 5 rokov, pokia\u013e z\u00e1kon neuklad\u00e1 in\u00fa dobu uchov\u00e1vania.<\/p><p><!-- \/wp:paragraph --> <!-- wp:paragraph --><\/p><p><strong>7. Audiovizu\u00e1lne uchov\u00e1vanie \u00fadajov<\/strong><\/p><p><!-- \/wp:paragraph --> <!-- wp:paragraph --><\/p><p>V s\u00eddle spolo\u010dnosti je in\u0161talovan\u00fd bezpe\u010dnostn\u00fd kamerov\u00fd syst\u00e9m, ktor\u00fd monitoruje vybran\u00e9 priestory z d\u00f4vodu ochrany majetku, \u017eivota a zdravia os\u00f4b. Kamerov\u00e9 z\u00e1znamy sa uchov\u00e1vaj\u00fa najviac 72 hod\u00edn, pokia\u013e nie s\u00fa vyu\u017eit\u00e9 na vy\u0161etrovanie incidentu alebo poistnej udalosti. Podrobn\u00e9 inform\u00e1cie o sprac\u00favan\u00ed osobn\u00fdch \u00fadajov kamerov\u00fdm syst\u00e9mom n\u00e1jdete v dokumente<br \/><em>Smernica pre spracovanie osobn\u00fdch \u00fadajov kamerov\u00fdm syst\u00e9mom<\/em><\/p><p><!-- \/wp:paragraph --> <!-- wp:paragraph --><\/p><p><strong>8. Va\u0161e pr\u00e1va<\/strong><\/p><p><!-- \/wp:paragraph --> <!-- wp:paragraph --><\/p><p>M\u00e1te pr\u00e1vo:<\/p><p><!-- \/wp:paragraph --> <!-- wp:list --><\/p><ul class=\"wp-block-list\"><li style=\"list-style-type: none;\"><ul class=\"wp-block-list\"><!-- wp:list-item --><li>po\u017eiada\u0165 o pr\u00edstup k svojim \u00fadajom<\/li><\/ul><\/li><\/ul><p><!-- \/wp:list-item --> <!-- wp:list-item --><\/p><ul class=\"wp-block-list\"><li style=\"list-style-type: none;\"><ul class=\"wp-block-list\"><li>po\u017eiada\u0165 o opravu nepresn\u00fdch \u00fadajov<\/li><\/ul><\/li><\/ul><p><!-- \/wp:list-item --> <!-- wp:list-item --><\/p><ul class=\"wp-block-list\"><li style=\"list-style-type: none;\"><ul class=\"wp-block-list\"><li>po\u017eiada\u0165 o vymazanie \u00fadajov (pr\u00e1vo \u201ena zabudnutie\u201c)<\/li><\/ul><\/li><\/ul><p><!-- \/wp:list-item --> <!-- wp:list-item --><\/p><ul class=\"wp-block-list\"><li style=\"list-style-type: none;\"><ul class=\"wp-block-list\"><li>namieta\u0165 proti sprac\u00favaniu \u00fadajov<\/li><\/ul><\/li><\/ul><p><!-- \/wp:list-item --> <!-- wp:list-item --><\/p><ul class=\"wp-block-list\"><li style=\"list-style-type: none;\"><ul class=\"wp-block-list\"><li>po\u017eiada\u0165 o obmedzenie sprac\u00favania<\/li><\/ul><\/li><\/ul><p><!-- \/wp:list-item --><\/p><p><!-- \/wp:list --> <!-- wp:paragraph --><\/p><p>Ak chcete uplatni\u0165 svoje pr\u00e1va, kontaktujte n\u00e1s e-mailom na\u00a0<a href=\"mailto:office@expreskurier.eu\">office@expreskurier.eu<\/a><\/p><p><!-- \/wp:paragraph --> <!-- wp:paragraph --><\/p><p><strong>9. Bezpe\u010dnos\u0165 \u00fadajov<\/strong><\/p><p><!-- \/wp:paragraph --> <!-- wp:paragraph --><\/p><p>Va\u0161e \u00fadaje chr\u00e1nime prostredn\u00edctvom technick\u00fdch a organiza\u010dn\u00fdch opatren\u00ed, ktor\u00e9 zabezpe\u010duj\u00fa ich ochranu pred stratou, zneu\u017eit\u00edm \u010di neopr\u00e1vnen\u00fdm pr\u00edstupom.<\/p><p><!-- \/wp:paragraph --> <!-- wp:paragraph --><\/p><p><strong>10. Zmeny v z\u00e1sad\u00e1ch ochrany osobn\u00fdch \u00fadajov<\/strong><\/p><p><!-- \/wp:paragraph --> <!-- wp:paragraph --><\/p><p>Vyhradzujeme si pr\u00e1vo tieto z\u00e1sady kedyko\u013evek upravi\u0165. Odpor\u00fa\u010dame v\u00e1m pravidelne sledova\u0165 t\u00fato str\u00e1nku. Aktualizovan\u00e9 z\u00e1sady s\u00fa \u00fa\u010dinn\u00e9 okamihom ich zverejnenia.<\/p><p><!-- \/wp:paragraph --> <!-- wp:paragraph --><\/p><p>Ak m\u00e1te ot\u00e1zky alebo po\u017eiadavky t\u00fdkaj\u00face sa sprac\u00favania osobn\u00fdch \u00fadajov, kontaktujte n\u00e1s na\u00a0<a href=\"mailto:office@expreskurier.eu\">office@expreskurier.eu<\/a>.<\/p><p><!-- \/wp:paragraph --><\/p>\t\t\t\t\t\t\t\t<\/div>\n\t\t\t\t<\/div>\r\n\t\t<div id=\"e-n-tab-content-2070447592\" role=\"tabpanel\" aria-labelledby=\"e-n-tab-title-2070447592\" data-tab-index=\"2\" style=\"--n-tabs-title-order: 2;\" class=\"elementor-element elementor-element-160baee e-con-full e-flex e-con e-child\" data-id=\"160baee\" data-element_type=\"container\">\t\t<div class=\"elementor-element elementor-element-3888cb9 elementor-widget elementor-widget-text-editor\" data-id=\"3888cb9\" data-element_type=\"widget\" data-widget_type=\"text-editor.default\">\n\t\t\t\t\t\t\t\t\t<h2 data-start=\"0\" data-end=\"18\"><strong data-start=\"0\" data-end=\"18\">Privacy Policy<\/strong><\/h2><p data-start=\"20\" data-end=\"376\">This Privacy Policy describes how EXPRES KURI\u00c9R Nitra, s.r.o., with its registered office at Doln\u00e9 Hony 4, 949 01 Nitra, Company ID: 43 892 264 (hereinafter referred to as the \u201ccompany\u201d or \u201cdata controller\u201d), processes the personal data of visitors to the website <a class=\"decorated-link\" href=\"https:\/\/expreskurier.eu\/en\/\" target=\"_new\" rel=\"noopener\" data-start=\"284\" data-end=\"303\">www.expreskurier.eu<\/a>, in accordance with the GDPR and applicable laws of the Slovak Republic.<\/p><ol data-start=\"378\" data-end=\"401\"><li data-section-id=\"1unnu3d\" data-start=\"378\" data-end=\"401\"><p data-start=\"381\" data-end=\"401\"><strong>What data we process<\/strong><\/p><\/li><\/ol><p data-start=\"403\" data-end=\"470\">When using our website, we may process the following personal data:<\/p><p data-start=\"472\" data-end=\"679\">\u2022 First and last name (if provided in the form)<br data-start=\"519\" data-end=\"522\" \/>\u2022 Phone number and email address<br data-start=\"554\" data-end=\"557\" \/>\u2022 IP address, browser type, and operating system<br data-start=\"605\" data-end=\"608\" \/>\u2022 Cookies and other identifiers for marketing and analytical purposes<\/p><ol start=\"2\" data-start=\"681\" data-end=\"703\"><li data-section-id=\"h6hr91\" data-start=\"681\" data-end=\"703\"><p data-start=\"684\" data-end=\"703\"><strong>How we collect data<\/strong><\/p><\/li><\/ol><p data-start=\"705\" data-end=\"735\">We collect your personal data:<\/p><p data-start=\"737\" data-end=\"838\">\u2022 through contact forms<br data-start=\"760\" data-end=\"763\" \/>\u2022 through cookies and analytical tools (e.g. Google Analytics, Smartlook)<\/p><ol start=\"3\" data-start=\"840\" data-end=\"870\"><li data-section-id=\"1hm0lrb\" data-start=\"840\" data-end=\"870\"><p data-start=\"843\" data-end=\"870\"><strong>Purposes of data processing<\/strong><\/p><\/li><\/ol><p data-start=\"872\" data-end=\"916\">We use your data for the following purposes:<\/p><p data-start=\"918\" data-end=\"1143\">\u2022 handling inquiries and communication with customers<br data-start=\"971\" data-end=\"974\" \/>\u2022 improving website functionality<br data-start=\"1007\" data-end=\"1010\" \/>\u2022 analysis of website traffic and visitor behavior<br data-start=\"1060\" data-end=\"1063\" \/>\u2022 marketing purposes (sending newsletters and offers \u2013 only with your consent)<\/p><ol start=\"4\" data-start=\"1145\" data-end=\"1155\"><li data-section-id=\"11wmkjs\" data-start=\"1145\" data-end=\"1155\"><p data-start=\"1148\" data-end=\"1155\"><strong>Cookies<\/strong><\/p><\/li><\/ol><p data-start=\"1157\" data-end=\"1327\">We use cookies on our website. More details can be found in the cookie policy. You can configure your browser to reject cookies or notify you when cookies are being used.<\/p><ol start=\"5\" data-start=\"1329\" data-end=\"1358\"><li data-section-id=\"1tl24iq\" data-start=\"1329\" data-end=\"1358\"><p data-start=\"1332\" data-end=\"1358\"><strong>Who has access to the data<\/strong><\/p><\/li><\/ol><p data-start=\"1360\" data-end=\"1416\">We may share your data with the following third parties:<\/p><p data-start=\"1418\" data-end=\"1554\">\u2022 providers of analytical tools (e.g. Google Analytics, Smartlook)<br data-start=\"1484\" data-end=\"1487\" \/>\u2022 web hosting provider<br data-start=\"1509\" data-end=\"1512\" \/>\u2022 IT administrators and website managers<\/p><p data-start=\"1556\" data-end=\"1619\">We have concluded data processing agreements with all partners.<\/p><ol start=\"6\" data-start=\"1621\" data-end=\"1647\"><li data-section-id=\"2wx1gg\" data-start=\"1621\" data-end=\"1647\"><p data-start=\"1624\" data-end=\"1647\"><strong>How long we retain data<\/strong><\/p><\/li><\/ol><p data-start=\"1649\" data-end=\"1802\">We retain personal data for as long as necessary to fulfill the purpose, but no longer than 5 years, unless a longer retention period is required by law.<\/p><ol start=\"7\" data-start=\"1804\" data-end=\"1834\"><li data-section-id=\"1bg750l\" data-start=\"1804\" data-end=\"1834\"><p data-start=\"1807\" data-end=\"1834\"><strong>Audiovisual data processing<\/strong><\/p><\/li><\/ol><p data-start=\"1836\" data-end=\"2276\">A security camera system is installed at the company\u2019s premises, monitoring selected areas for the purpose of protecting property, life, and health. Camera recordings are stored for a maximum of 72 hours, unless used for investigating an incident or an insurance claim. Detailed information on the processing of personal data via the camera system can be found in the document<br data-start=\"2212\" data-end=\"2215\" \/>Policy for the Processing of Personal Data via Camera Systems<\/p><ol start=\"8\" data-start=\"2278\" data-end=\"2292\"><li data-section-id=\"pf367l\" data-start=\"2278\" data-end=\"2292\"><p data-start=\"2281\" data-end=\"2292\"><strong>Your rights<\/strong><\/p><\/li><\/ol><p data-start=\"2294\" data-end=\"2316\">You have the right to:<\/p><p data-start=\"2318\" data-end=\"2523\">\u2022 request access to your data<br data-start=\"2347\" data-end=\"2350\" \/>\u2022 request correction of inaccurate data<br data-start=\"2389\" data-end=\"2392\" \/>\u2022 request deletion of your data (the \u201cright to be forgotten\u201d)<br data-start=\"2453\" data-end=\"2456\" \/>\u2022 object to data processing<br data-start=\"2483\" data-end=\"2486\" \/>\u2022 request restriction of processing<\/p><p data-start=\"2525\" data-end=\"2614\">If you wish to exercise your rights, please contact us by email at <a class=\"decorated-link cursor-pointer\" rel=\"noopener\" data-start=\"2592\" data-end=\"2614\">office@expreskurier.eu<\/a><\/p><ol start=\"9\" data-start=\"2616\" data-end=\"2632\"><li data-section-id=\"nkmzv8\" data-start=\"2616\" data-end=\"2632\"><p data-start=\"2619\" data-end=\"2632\"><strong>Data security<\/strong><\/p><\/li><\/ol><p data-start=\"2634\" data-end=\"2769\">We protect your data through technical and organizational measures that ensure protection against loss, misuse, or unauthorized access.<\/p><ol start=\"10\" data-start=\"2771\" data-end=\"2804\"><li data-section-id=\"24oasb\" data-start=\"2771\" data-end=\"2804\"><p data-start=\"2775\" data-end=\"2804\"><strong>Changes to the Privacy Policy<\/strong><\/p><\/li><\/ol><p data-start=\"2806\" data-end=\"2971\">We reserve the right to modify this Privacy Policy at any time. We recommend that you regularly review this page. Updated policies become effective upon publication.<\/p><p data-start=\"2973\" data-end=\"3098\" data-is-last-node=\"\" data-is-only-node=\"\">If you have any questions or requests regarding the processing of personal data, please contact us at <a class=\"decorated-link cursor-pointer\" rel=\"noopener\" data-start=\"3075\" data-end=\"3097\">office@expreskurier.eu<\/a>.<\/p>\t\t\t\t\t\t\t\t<\/div>\n\t\t\t\t<\/div>\r\n\t\t\t\t\t<\/div>\n\t\t<\/div>\n\t\t\t\t\t\t<\/div>\n\t\t\t\t\t<\/div>\r\n\t\t\t\t<\/div>\r\n\t\t\t\t<\/div>","protected":false},"excerpt":{"rendered":"<p>SLOVAK ENGLISH Z\u00e1sady ochrany osobn\u00fdch \u00fadajov Tieto z\u00e1sady ochrany osobn\u00fdch \u00fadajov popisuj\u00fa sp\u00f4sob, ak\u00fdm spolo\u010dnos\u0165\u00a0EXPRES KURI\u00c9R Nitra, s.r.o., so s\u00eddlom: Doln\u00e9 Hony 4, 949 01 Nitra, I\u010cO: 43\u00a0892 264 (\u010falej len \u201espolo\u010dnos\u0165\u201c alebo \u201eprev\u00e1dzkovate\u013e\u201c), sprac\u00fava osobn\u00e9 \u00fadaje n\u00e1v\u0161tevn\u00edkov webovej str\u00e1nky\u00a0www.expreskurier.eu, a to v s\u00falade s nariaden\u00edm GDPR a platn\u00fdmi pr\u00e1vnymi predpismi SR. 1. Ak\u00e9 \u00fadaje [&hellip;]<\/p>","protected":false},"author":1,"featured_media":0,"parent":0,"menu_order":0,"comment_status":"closed","ping_status":"closed","template":"","meta":{"footnotes":""},"class_list":["post-9507","page","type-page","status-publish","hentry"],"_links":{"self":[{"href":"https:\/\/expreskurier.eu\/en\/wp-json\/wp\/v2\/pages\/9507","targetHints":{"allow":["GET"]}}],"collection":[{"href":"https:\/\/expreskurier.eu\/en\/wp-json\/wp\/v2\/pages"}],"about":[{"href":"https:\/\/expreskurier.eu\/en\/wp-json\/wp\/v2\/types\/page"}],"author":[{"embeddable":true,"href":"https:\/\/expreskurier.eu\/en\/wp-json\/wp\/v2\/users\/1"}],"replies":[{"embeddable":true,"href":"https:\/\/expreskurier.eu\/en\/wp-json\/wp\/v2\/comments?post=9507"}],"version-history":[{"count":7,"href":"https:\/\/expreskurier.eu\/en\/wp-json\/wp\/v2\/pages\/9507\/revisions"}],"predecessor-version":[{"id":9662,"href":"https:\/\/expreskurier.eu\/en\/wp-json\/wp\/v2\/pages\/9507\/revisions\/9662"}],"wp:attachment":[{"href":"https:\/\/expreskurier.eu\/en\/wp-json\/wp\/v2\/media?parent=9507"}],"curies":[{"name":"wp","href":"https:\/\/api.w.org\/{rel}","templated":true}]}}